{"id":98,"date":"2014-08-24T17:28:24","date_gmt":"2014-08-24T17:28:24","guid":{"rendered":"http:\/\/192.168.1.104\/enfold-blog\/?page_id=13"},"modified":"2025-08-28T13:37:31","modified_gmt":"2025-08-28T11:37:31","slug":"kontakty","status":"publish","type":"page","link":"https:\/\/www.nulk.cz\/tadyjsmedoma\/kontakty\/","title":{"rendered":"Kontakty"},"content":{"rendered":"\n<style type=\"text\/css\" data-created_by=\"avia_inline_auto\" id=\"style-css-av-dgnj0-6b71371a0fb1a17f5bd82908fe9059dc\">\n.avia-section.av-dgnj0-6b71371a0fb1a17f5bd82908fe9059dc .av-parallax .av-parallax-inner{\nbackground-repeat:no-repeat;\nbackground-image:url(https:\/\/www.nulk.cz\/tadyjsmedoma\/wp-content\/uploads\/2020\/09\/bg_2.jpg);\nbackground-position:50% 50%;\nbackground-attachment:scroll;\n}\n.avia-section.av-dgnj0-6b71371a0fb1a17f5bd82908fe9059dc .av-section-color-overlay{\nopacity:0.2;\nbackground-color:#000000;\n}\n<\/style>\n<div id='av_section_1'  class='avia-section av-dgnj0-6b71371a0fb1a17f5bd82908fe9059dc main_color avia-section-large avia-no-shadow  avia-builder-el-0  el_before_av_section  avia-builder-el-first  avia-full-stretch av-parallax-section avia-bg-style-parallax av-section-color-overlay-active container_wrap fullsize'  data-section-bg-repeat='stretch'><div class='av-parallax' data-avia-parallax-ratio='0.3' ><div class='av-parallax-inner main_color avia-full-stretch'><\/div><\/div><div class=\"av-section-color-overlay-wrap\"><div class=\"av-section-color-overlay\"><\/div><div class='container av-section-cont-open' ><main  role=\"main\" itemprop=\"mainContentOfPage\"  class='template-page content  av-content-full alpha units'><div class='post-entry post-entry-type-page post-entry-98'><div class='entry-content-wrapper clearfix'>\n\n<style type=\"text\/css\" data-created_by=\"avia_inline_auto\" id=\"style-css-av-kf78h5o4-f74e959468f7bb5b622f62588e92a318\">\n#top .av-special-heading.av-kf78h5o4-f74e959468f7bb5b622f62588e92a318{\npadding-bottom:0;\ncolor:#ffffff;\nfont-size:50px;\n}\nbody .av-special-heading.av-kf78h5o4-f74e959468f7bb5b622f62588e92a318 .av-special-heading-tag .heading-char{\nfont-size:25px;\n}\n#top #wrap_all .av-special-heading.av-kf78h5o4-f74e959468f7bb5b622f62588e92a318 .av-special-heading-tag{\nfont-size:50px;\n}\n.av-special-heading.av-kf78h5o4-f74e959468f7bb5b622f62588e92a318 .special-heading-inner-border{\nborder-color:#ffffff;\n}\n.av-special-heading.av-kf78h5o4-f74e959468f7bb5b622f62588e92a318 .av-subheading{\nfont-size:15px;\n}\n\n@media only screen and (min-width: 480px) and (max-width: 767px){ \n#top #wrap_all .av-special-heading.av-kf78h5o4-f74e959468f7bb5b622f62588e92a318 .av-special-heading-tag{\nfont-size:0.8em;\n}\n}\n\n@media only screen and (max-width: 479px){ \n#top #wrap_all .av-special-heading.av-kf78h5o4-f74e959468f7bb5b622f62588e92a318 .av-special-heading-tag{\nfont-size:0.8em;\n}\n}\n<\/style>\n<div  class='av-special-heading av-kf78h5o4-f74e959468f7bb5b622f62588e92a318 av-special-heading-h3 custom-color-heading blockquote modern-quote modern-centered  avia-builder-el-1  el_before_av_hr  avia-builder-el-first  av-inherit-size'><h3 class='av-special-heading-tag '  itemprop=\"headline\"  >Jak se zapojit do projektu<\/h3><div class='av_custom_color av-subheading av-subheading_below'><p>Vyberte si zp\u016fsob a napi\u0161te n\u011bkomu z n\u00e1s. V sekci &#8222;Kontakty&#8220; najdete spojen\u00ed na v\u0161echny pov\u011b\u0159en\u00e9 osoby.<\/p>\n<\/div><div class=\"special-heading-border\"><div class=\"special-heading-inner-border\"><\/div><\/div><\/div>\n\n<style type=\"text\/css\" data-created_by=\"avia_inline_auto\" id=\"style-css-av-kf1hgjaw-f44cfcfc8008b33780ca0d4cedd2240c\">\n#top .hr.hr-invisible.av-kf1hgjaw-f44cfcfc8008b33780ca0d4cedd2240c{\nheight:50px;\n}\n<\/style>\n<div  class='hr av-kf1hgjaw-f44cfcfc8008b33780ca0d4cedd2240c hr-invisible  avia-builder-el-2  el_after_av_heading  avia-builder-el-last '><span class='hr-inner '><span class=\"hr-inner-style\"><\/span><\/span><\/div>\n\n<\/div><\/div><\/main><!-- close content main element --><\/div><\/div><\/div><div id='av_section_2'  class='avia-section av-8h3eq-9e0fb26b69ecf6d7d60c266780870fd0 main_color avia-section-default avia-no-border-styling  avia-builder-el-3  el_after_av_section  avia-builder-el-last  avia-bg-style-scroll container_wrap fullsize'  ><div class='container av-section-cont-open' ><div class='template-page content  av-content-full alpha units'><div class='post-entry post-entry-type-page post-entry-98'><div class='entry-content-wrapper clearfix'>\n<div class='flex_column_table av-894de-f03579b450417a2f3d4f975453674021 sc-av_one_half av-equal-height-column-flextable'>\n<style type=\"text\/css\" data-created_by=\"avia_inline_auto\" id=\"style-css-av-894de-f03579b450417a2f3d4f975453674021\">\n#top .flex_column_table.av-equal-height-column-flextable.av-894de-f03579b450417a2f3d4f975453674021{\nmargin-top:-90px;\nmargin-bottom:0px;\n}\n.flex_column.av-894de-f03579b450417a2f3d4f975453674021{\nborder-radius:0px 0px 0px 0px;\npadding:30px 30px 30px 30px;\nbackground-color:#ffffff;\n}\n<\/style>\n<div  class='flex_column av-894de-f03579b450417a2f3d4f975453674021 av_one_half  avia-builder-el-4  el_before_av_one_half  avia-builder-el-first  first no_margin flex_column_table_cell av-equal-height-column av-align-top  '     ><p>\n<style type=\"text\/css\" data-created_by=\"avia_inline_auto\" id=\"style-css-av-1fzra-cef78051828155e0f2f2e4bf55f6b93c\">\n#top .av-special-heading.av-1fzra-cef78051828155e0f2f2e4bf55f6b93c{\npadding-bottom:0;\nfont-size:30px;\n}\nbody .av-special-heading.av-1fzra-cef78051828155e0f2f2e4bf55f6b93c .av-special-heading-tag .heading-char{\nfont-size:25px;\n}\n#top #wrap_all .av-special-heading.av-1fzra-cef78051828155e0f2f2e4bf55f6b93c .av-special-heading-tag{\nfont-size:30px;\n}\n.av-special-heading.av-1fzra-cef78051828155e0f2f2e4bf55f6b93c .av-subheading{\nfont-size:13px;\n}\n\n@media only screen and (min-width: 480px) and (max-width: 767px){ \n#top #wrap_all .av-special-heading.av-1fzra-cef78051828155e0f2f2e4bf55f6b93c .av-special-heading-tag{\nfont-size:0.8em;\n}\n}\n\n@media only screen and (max-width: 479px){ \n#top #wrap_all .av-special-heading.av-1fzra-cef78051828155e0f2f2e4bf55f6b93c .av-special-heading-tag{\nfont-size:0.8em;\n}\n}\n<\/style>\n<div  class='av-special-heading av-1fzra-cef78051828155e0f2f2e4bf55f6b93c av-special-heading-h3 blockquote modern-quote modern-centered  avia-builder-el-5  el_before_av_hr  avia-builder-el-first  av-inherit-size'><h3 class='av-special-heading-tag '  itemprop=\"headline\"  >Garantky projektu<\/h3><div class=\"special-heading-border\"><div class=\"special-heading-inner-border\"><\/div><\/div><\/div><br \/>\n\n<style type=\"text\/css\" data-created_by=\"avia_inline_auto\" id=\"style-css-av-6qlby-f7a8a3653b2957dc9b0debae215ff034\">\n#top .hr.av-6qlby-f7a8a3653b2957dc9b0debae215ff034{\nmargin-top:30px;\nmargin-bottom:30px;\n}\n.hr.av-6qlby-f7a8a3653b2957dc9b0debae215ff034 .hr-inner{\nwidth:20%;\nmax-width:45%;\n}\n<\/style>\n<div  class='hr av-6qlby-f7a8a3653b2957dc9b0debae215ff034 hr-custom  avia-builder-el-6  el_after_av_heading  el_before_av_textblock  hr-center hr-icon-yes'><span class='hr-inner inner-border-av-border-thin'><span class=\"hr-inner-style\"><\/span><\/span><span class='av-seperator-icon avia-iconfont avia-font-entypo-fontello' data-av_icon='\ue8bf' data-av_iconfont='entypo-fontello' ><\/span><span class='hr-inner inner-border-av-border-thin'><span class=\"hr-inner-style\"><\/span><\/span><\/div><br \/>\n<section  class='av_textblock_section av-6e5ey-4c601af5fe90551fab5fef17d85d1b44 '   itemscope=\"itemscope\" itemtype=\"https:\/\/schema.org\/CreativeWork\" ><div class='avia_textblock'  itemprop=\"text\" ><div class=\"entry\">\n<p><strong>PhDr. Alena Schauerov\u00e1<\/strong><br \/>\nEmail: <a href=\"mailto:alena.schauerova@nulk.cz\">alena.schauerova@nulk.cz<\/a><\/p>\n<p><strong>Mgr. Magdalena Ma\u0148\u00e1kov\u00e1<\/strong><br \/>\nEmail: <a href=\"mailto:magdalena.manakova@nulk.cz\">magdalena.manakova@nulk.cz<\/a><\/p>\n<h2 id=\"zrizovatel\">Z\u0159izovatel:<\/h2>\n<p>N\u00e1rodn\u00ed \u00fastav lidov\u00e9 kultury je v\u00fdzkumnou organizac\u00ed, jej\u00edm\u017e hlavn\u00edm \u00fa\u010delem je prov\u00e1d\u011bt z\u00e1kladn\u00ed v\u00fdzkum, aplikovan\u00fd v\u00fdzkum nebo experiment\u00e1ln\u00ed v\u00fdvoj a \u0161\u00ed\u0159it jejich v\u00fdsledky prost\u0159ednictv\u00edm v\u00fduky, publikov\u00e1n\u00ed nebo p\u0159evodu technologi\u00ed.<\/p>\n<p>N\u00e1rodn\u00ed \u00fastav lidov\u00e9 kultury<br \/>\nZ\u00e1mek 672<br \/>\nStr\u00e1\u017enice<br \/>\n696 62<\/p>\n<p>Telefon: +420 518 306 611<br \/>\nFax: +420 518 306 615<br \/>\nEmail: <a href=\"mailto:info@nulk.cz\">info@nulk.cz<\/a><br \/>\nWeb: <a href=\"http:\/\/nulk.cz\" rel=\"noopener\">www.nulk.cz<\/a><\/p>\n<\/div>\n<\/div><\/section><br \/>\n\n<style type=\"text\/css\" data-created_by=\"avia_inline_auto\" id=\"style-css-av-5pgra-40ba2c607979ef5e964b9e249065331a\">\n#top .hr.av-5pgra-40ba2c607979ef5e964b9e249065331a{\nmargin-top:18px;\nmargin-bottom:30px;\n}\n.hr.av-5pgra-40ba2c607979ef5e964b9e249065331a .hr-inner{\nwidth:20%;\nmax-width:45%;\n}\n<\/style>\n<div  class='hr av-5pgra-40ba2c607979ef5e964b9e249065331a hr-custom  avia-builder-el-8  el_after_av_textblock  avia-builder-el-last  hr-center hr-icon-yes'><span class='hr-inner inner-border-av-border-thin'><span class=\"hr-inner-style\"><\/span><\/span><span class='av-seperator-icon avia-iconfont avia-font-entypo-fontello' data-av_icon='\ue8bf' data-av_iconfont='entypo-fontello' ><\/span><span class='hr-inner inner-border-av-border-thin'><span class=\"hr-inner-style\"><\/span><\/span><\/div><\/p><\/div>\n<style type=\"text\/css\" data-created_by=\"avia_inline_auto\" id=\"style-css-av-4ur7a-42cc2d365782ad10b20d55ce9dde3396\">\n#top .flex_column_table.av-equal-height-column-flextable.av-4ur7a-42cc2d365782ad10b20d55ce9dde3396{\nmargin-top:-90px;\nmargin-bottom:0px;\n}\n.flex_column.av-4ur7a-42cc2d365782ad10b20d55ce9dde3396{\nborder-radius:0px 0px 0px 0px;\npadding:30px 30px 30px 30px;\nbackground-color:#83a846;\n}\n<\/style>\n<div  class='flex_column av-4ur7a-42cc2d365782ad10b20d55ce9dde3396 av_one_half  avia-builder-el-9  el_after_av_one_half  avia-builder-el-last  no_margin flex_column_table_cell av-equal-height-column av-align-top  '     ><p>\n<style type=\"text\/css\" data-created_by=\"avia_inline_auto\" id=\"style-css-av-uzfi-e271ca3a63945c89042e7a9f6e3131ea\">\n#top .av-special-heading.av-uzfi-e271ca3a63945c89042e7a9f6e3131ea{\npadding-bottom:0;\ncolor:#ffffff;\nfont-size:30px;\n}\nbody .av-special-heading.av-uzfi-e271ca3a63945c89042e7a9f6e3131ea .av-special-heading-tag .heading-char{\nfont-size:25px;\n}\n#top #wrap_all .av-special-heading.av-uzfi-e271ca3a63945c89042e7a9f6e3131ea .av-special-heading-tag{\nfont-size:30px;\n}\n.av-special-heading.av-uzfi-e271ca3a63945c89042e7a9f6e3131ea .special-heading-inner-border{\nborder-color:#ffffff;\n}\n.av-special-heading.av-uzfi-e271ca3a63945c89042e7a9f6e3131ea .av-subheading{\nfont-size:13px;\n}\n\n@media only screen and (min-width: 480px) and (max-width: 767px){ \n#top #wrap_all .av-special-heading.av-uzfi-e271ca3a63945c89042e7a9f6e3131ea .av-special-heading-tag{\nfont-size:0.8em;\n}\n}\n\n@media only screen and (max-width: 479px){ \n#top #wrap_all .av-special-heading.av-uzfi-e271ca3a63945c89042e7a9f6e3131ea .av-special-heading-tag{\nfont-size:0.8em;\n}\n}\n<\/style>\n<div  class='av-special-heading av-uzfi-e271ca3a63945c89042e7a9f6e3131ea av-special-heading-h3 custom-color-heading blockquote modern-quote modern-centered  avia-builder-el-10  el_before_av_hr  avia-builder-el-first  av-inherit-size'><h3 class='av-special-heading-tag '  itemprop=\"headline\"  >M\u00e1te dotaz, tip na zlep\u0161en\u00ed str\u00e1nek \u010di projektu&#8230;<\/h3><div class='av_custom_color av-subheading av-subheading_below'><p>&#8230;napi\u0161te n\u00e1m.<\/p>\n<\/div><div class=\"special-heading-border\"><div class=\"special-heading-inner-border\"><\/div><\/div><\/div><br \/>\n\n<style type=\"text\/css\" data-created_by=\"avia_inline_auto\" id=\"style-css-av-1d2m-6bbf31587660dc04cb2018b01edd3959\">\n#top .hr.av-1d2m-6bbf31587660dc04cb2018b01edd3959{\nmargin-top:30px;\nmargin-bottom:30px;\n}\n.hr.av-1d2m-6bbf31587660dc04cb2018b01edd3959 .hr-inner{\nwidth:20%;\nborder-color:rgba(255,255,255,0.3);\nmax-width:45%;\n}\n.hr.av-1d2m-6bbf31587660dc04cb2018b01edd3959 .av-seperator-icon{\ncolor:#ffffff;\n}\n.hr.av-1d2m-6bbf31587660dc04cb2018b01edd3959 .av-seperator-icon.avia-svg-icon svg:first-child{\nfill:#ffffff;\nstroke:#ffffff;\n}\n<\/style>\n<div  class='hr av-1d2m-6bbf31587660dc04cb2018b01edd3959 hr-custom  avia-builder-el-11  el_after_av_heading  el_before_av_textblock  hr-center hr-icon-yes'><span class='hr-inner inner-border-av-border-thin'><span class=\"hr-inner-style\"><\/span><\/span><span class='av-seperator-icon avia-iconfont avia-font-entypo-fontello' data-av_icon='\ue8bf' data-av_iconfont='entypo-fontello' ><\/span><span class='hr-inner inner-border-av-border-thin'><span class=\"hr-inner-style\"><\/span><\/span><\/div><br \/>\n<section  class='av_textblock_section av-mevbwxgq-710938955a1335780f37956d453135f0 '   itemscope=\"itemscope\" itemtype=\"https:\/\/schema.org\/CreativeWork\" ><div class='avia_textblock'  itemprop=\"text\" >\n<div class=\"wpcf7 no-js\" id=\"wpcf7-f1319-o1\" lang=\"cs-CZ\" dir=\"ltr\" data-wpcf7-id=\"1319\">\n<div class=\"screen-reader-response\"><p role=\"status\" aria-live=\"polite\" aria-atomic=\"true\"><\/p> <ul><\/ul><\/div>\n<form action=\"\/tadyjsmedoma\/wp-json\/wp\/v2\/pages\/98#wpcf7-f1319-o1\" method=\"post\" class=\"wpcf7-form init\" aria-label=\"Kontaktn\u00ed formul\u00e1\u0159\" novalidate=\"novalidate\" data-status=\"init\">\n<fieldset class=\"hidden-fields-container\"><input type=\"hidden\" name=\"_wpcf7\" value=\"1319\" \/><input type=\"hidden\" name=\"_wpcf7_version\" value=\"6.1.5\" \/><input type=\"hidden\" name=\"_wpcf7_locale\" value=\"cs_CZ\" \/><input type=\"hidden\" name=\"_wpcf7_unit_tag\" value=\"wpcf7-f1319-o1\" \/><input type=\"hidden\" name=\"_wpcf7_container_post\" value=\"0\" \/><input type=\"hidden\" name=\"_wpcf7_posted_data_hash\" value=\"\" \/>\n<\/fieldset>\n<div class=\"av-centered-form\">\n\t<div class=\"flex_column av_one_half first\">\n\t\t<p><label> <span class=\"wpcf7-form-control-wrap\" data-name=\"jmeno\"><input size=\"40\" maxlength=\"400\" class=\"wpcf7-form-control wpcf7-text wpcf7-validates-as-required\" autocomplete=\"name\" aria-required=\"true\" aria-invalid=\"false\" placeholder=\"Jm\u00e9no *\" value=\"\" type=\"text\" name=\"jmeno\" \/><\/span> <\/label>\n\t\t<\/p>\n\t<\/div>\n\t<div class=\"flex_column av_one_half\">\n\t\t<p><label> <span class=\"wpcf7-form-control-wrap\" data-name=\"mail\"><input size=\"40\" maxlength=\"400\" class=\"wpcf7-form-control wpcf7-email wpcf7-validates-as-required wpcf7-text wpcf7-validates-as-email\" autocomplete=\"email\" aria-required=\"true\" aria-invalid=\"false\" placeholder=\"E-mail *\" value=\"\" type=\"email\" name=\"mail\" \/><\/span> <\/label>\n\t\t<\/p>\n\t<\/div>\n\t<div class=\"flex_column first\">\n\t\t<p><label> <span class=\"wpcf7-form-control-wrap\" data-name=\"predmet\"><input size=\"40\" maxlength=\"400\" class=\"wpcf7-form-control wpcf7-text wpcf7-validates-as-required\" aria-required=\"true\" aria-invalid=\"false\" placeholder=\"P\u0159edmet\" value=\"\" type=\"text\" name=\"predmet\" \/><\/span> <\/label>\n\t\t<\/p>\n\t\t<p><span class=\"wpcf7-form-control-wrap\" data-name=\"zprava\"><textarea cols=\"40\" rows=\"10\" maxlength=\"2000\" class=\"wpcf7-form-control wpcf7-textarea wpcf7-validates-as-required\" aria-required=\"true\" aria-invalid=\"false\" placeholder=\"Zpr\u00e1va *\" name=\"zprava\"><\/textarea><\/span>\n\t\t<\/p>\n\t\n\t\t<p><div class=\"cf7-cf-turnstile\" style=\"margin-top: 0px; margin-bottom: -15px;\"> <div id=\"cf-turnstile-cf7-1241720061\" class=\"cf-turnstile\" data-sitekey=\"0x4AAAAAABrjLX7BvGfhqcKS\" data-theme=\"light\" data-language=\"auto\" data-size=\"normal\" data-retry=\"auto\" data-retry-interval=\"1000\" data-refresh-expired=\"auto\" data-refresh-timeout=\"auto\" data-action=\"contact-form-7\" data-callback=\"turnstileCF7Callback\" data-appearance=\"always\"><\/div> <script>document.addEventListener(\"DOMContentLoaded\", function() { setTimeout(function(){ var e=document.getElementById(\"cf-turnstile-cf7-1241720061\"); if(e&&!e.innerHTML.trim()){turnstile.render(e, {sitekey:\"0x4AAAAAABrjLX7BvGfhqcKS\"});} }, 200); });<\/script> <br class=\"cf-turnstile-br cf-turnstile-br-cf7-1241720061\"> <style>#cf-turnstile-cf7-1241720061 { margin-left: -15px; }<\/style> <script>document.addEventListener(\"DOMContentLoaded\",function(){document.querySelectorAll('.wpcf7-form').forEach(function(e){e.addEventListener('submit',function(){if(document.getElementById('cf-turnstile-cf7-1241720061')){setTimeout(function(){turnstile.reset('#cf-turnstile-cf7-1241720061');},1000)}})})});<\/script> <\/div><br\/><input class=\"wpcf7-form-control wpcf7-submit has-spinner\" type=\"submit\" value=\"Odeslat\" \/>\n\t\t<\/p>\n\t<\/div>\n<\/div><div class=\"wpcf7-response-output\" aria-hidden=\"true\"><\/div>\n<\/form>\n<\/div>\n\n<\/div><\/section><\/p><\/div><\/div><!--close column table wrapper. Autoclose: 1 -->\n","protected":false},"excerpt":{"rendered":"","protected":false},"author":2,"featured_media":0,"parent":0,"menu_order":0,"comment_status":"open","ping_status":"open","template":"","meta":{"footnotes":""},"class_list":["post-98","page","type-page","status-publish","hentry"],"_links":{"self":[{"href":"https:\/\/www.nulk.cz\/tadyjsmedoma\/wp-json\/wp\/v2\/pages\/98","targetHints":{"allow":["GET"]}}],"collection":[{"href":"https:\/\/www.nulk.cz\/tadyjsmedoma\/wp-json\/wp\/v2\/pages"}],"about":[{"href":"https:\/\/www.nulk.cz\/tadyjsmedoma\/wp-json\/wp\/v2\/types\/page"}],"author":[{"embeddable":true,"href":"https:\/\/www.nulk.cz\/tadyjsmedoma\/wp-json\/wp\/v2\/users\/2"}],"replies":[{"embeddable":true,"href":"https:\/\/www.nulk.cz\/tadyjsmedoma\/wp-json\/wp\/v2\/comments?post=98"}],"version-history":[{"count":13,"href":"https:\/\/www.nulk.cz\/tadyjsmedoma\/wp-json\/wp\/v2\/pages\/98\/revisions"}],"predecessor-version":[{"id":2612,"href":"https:\/\/www.nulk.cz\/tadyjsmedoma\/wp-json\/wp\/v2\/pages\/98\/revisions\/2612"}],"wp:attachment":[{"href":"https:\/\/www.nulk.cz\/tadyjsmedoma\/wp-json\/wp\/v2\/media?parent=98"}],"curies":[{"name":"wp","href":"https:\/\/api.w.org\/{rel}","templated":true}]}}