{"id":2022,"date":"2020-10-09T14:52:44","date_gmt":"2020-10-09T12:52:44","guid":{"rendered":"http:\/\/www.nulk.cz\/tadyjsmedoma\/?page_id=2022"},"modified":"2024-07-08T15:16:20","modified_gmt":"2024-07-08T13:16:20","slug":"regionalni-folklor-do-skol-manual-pro-ucitele-1","status":"publish","type":"page","link":"https:\/\/www.nulk.cz\/tadyjsmedoma\/regionalni-folklor-do-skol-manual-pro-ucitele-1\/","title":{"rendered":"Region\u00e1ln\u00ed folklor do \u0161kol \u2013 Manu\u00e1l pro u\u010ditele I"},"content":{"rendered":"\n<style type=\"text\/css\" data-created_by=\"avia_inline_auto\" id=\"style-css-av-dgnj0-6b71371a0fb1a17f5bd82908fe9059dc\">\n.avia-section.av-dgnj0-6b71371a0fb1a17f5bd82908fe9059dc .av-parallax .av-parallax-inner{\nbackground-repeat:no-repeat;\nbackground-image:url(https:\/\/www.nulk.cz\/tadyjsmedoma\/wp-content\/uploads\/2020\/09\/bg_2.jpg);\nbackground-position:50% 50%;\nbackground-attachment:scroll;\n}\n.avia-section.av-dgnj0-6b71371a0fb1a17f5bd82908fe9059dc .av-section-color-overlay{\nopacity:0.2;\nbackground-color:#000000;\n}\n<\/style>\n<div id='av_section_1'  class='avia-section av-dgnj0-6b71371a0fb1a17f5bd82908fe9059dc main_color avia-section-large avia-no-shadow  avia-builder-el-0  el_before_av_section  avia-builder-el-first  avia-full-stretch av-parallax-section avia-bg-style-parallax av-section-color-overlay-active container_wrap fullsize'  data-section-bg-repeat='stretch'><div class='av-parallax' data-avia-parallax-ratio='0.3' ><div class='av-parallax-inner main_color avia-full-stretch'><\/div><\/div><div class=\"av-section-color-overlay-wrap\"><div class=\"av-section-color-overlay\"><\/div><div class='container av-section-cont-open' ><main  role=\"main\" itemprop=\"mainContentOfPage\"  class='template-page content  av-content-full alpha units'><div class='post-entry post-entry-type-page post-entry-2022'><div class='entry-content-wrapper clearfix'>\n\n<style type=\"text\/css\" data-created_by=\"avia_inline_auto\" id=\"style-css-av-2x2u46-3c1d83954fef4fec38ad3dd8799c8d68\">\n#top .av-special-heading.av-2x2u46-3c1d83954fef4fec38ad3dd8799c8d68{\npadding-bottom:0;\ncolor:#ffffff;\nfont-size:50px;\n}\nbody .av-special-heading.av-2x2u46-3c1d83954fef4fec38ad3dd8799c8d68 .av-special-heading-tag .heading-char{\nfont-size:25px;\n}\n#top #wrap_all .av-special-heading.av-2x2u46-3c1d83954fef4fec38ad3dd8799c8d68 .av-special-heading-tag{\nfont-size:50px;\n}\n.av-special-heading.av-2x2u46-3c1d83954fef4fec38ad3dd8799c8d68 .special-heading-inner-border{\nborder-color:#ffffff;\n}\n.av-special-heading.av-2x2u46-3c1d83954fef4fec38ad3dd8799c8d68 .av-subheading{\nfont-size:15px;\n}\n\n@media only screen and (min-width: 480px) and (max-width: 767px){ \n#top #wrap_all .av-special-heading.av-2x2u46-3c1d83954fef4fec38ad3dd8799c8d68 .av-special-heading-tag{\nfont-size:0.8em;\n}\n}\n\n@media only screen and (max-width: 479px){ \n#top #wrap_all .av-special-heading.av-2x2u46-3c1d83954fef4fec38ad3dd8799c8d68 .av-special-heading-tag{\nfont-size:0.8em;\n}\n}\n<\/style>\n<div  class='av-special-heading av-2x2u46-3c1d83954fef4fec38ad3dd8799c8d68 av-special-heading-h3 custom-color-heading blockquote modern-quote modern-centered  avia-builder-el-1  avia-builder-el-no-sibling  av-inherit-size'><h3 class='av-special-heading-tag '  itemprop=\"headline\"  >Manu\u00e1l pro u\u010ditele I<\/h3><div class='av_custom_color av-subheading av-subheading_below'><p>Publikace vydan\u00e1 v r\u00e1mci projektu Tady jsme doma &#8211; Region\u00e1ln\u00ed folklor do \u0161koly<\/p>\n<\/div><div class=\"special-heading-border\"><div class=\"special-heading-inner-border\"><\/div><\/div><\/div>\n\n<\/div><\/div><\/main><!-- close content main element --><\/div><\/div><\/div><div id='av_section_2'  class='avia-section av-brbys-c2a572af6ba815021914dee901f0a907 main_color avia-section-small avia-no-border-styling  avia-builder-el-2  el_after_av_section  avia-builder-el-last  avia-bg-style-fixed container_wrap fullsize'  ><div class='container av-section-cont-open' ><div class='template-page content  av-content-full alpha units'><div class='post-entry post-entry-type-page post-entry-2022'><div class='entry-content-wrapper clearfix'>\n<div class='flex_column_table av-6bx35f-abac4b7cef348c34808b42306c0735aa sc-av_one_half av-equal-height-column-flextable'>\n<style type=\"text\/css\" data-created_by=\"avia_inline_auto\" id=\"style-css-av-6bx35f-abac4b7cef348c34808b42306c0735aa\">\n.flex_column.av-6bx35f-abac4b7cef348c34808b42306c0735aa{\nborder-radius:0px 0px 0px 0px;\npadding:0px 0px 0px 0px;\n}\n<\/style>\n<div  class='flex_column av-6bx35f-abac4b7cef348c34808b42306c0735aa av_one_half  avia-builder-el-3  el_before_av_one_half  avia-builder-el-first  first flex_column_table_cell av-equal-height-column av-align-top av-zero-column-padding  '     ><section  class='av_textblock_section av-4pchff-cddfc6036ecd5711d84ab52b10915ab4 '   itemscope=\"itemscope\" itemtype=\"https:\/\/schema.org\/CreativeWork\" ><div class='avia_textblock av_inherit_color'  itemprop=\"text\" ><p>Obsah I. d\u00edlu:<\/p>\n<p><strong>\u00davodem<\/strong> (Alena Schauerov\u00e1, Magdalena Ma\u0148\u00e1kov\u00e1)<\/p>\n<p><strong>A Teoretick\u00e1 \u010d\u00e1st<\/strong><\/p>\n<p>A.1 Tradi\u010dn\u00ed lidov\u00e1 kultura a\u00a0tradice lidov\u00e9 kultury (Magdalena Ma\u0148\u00e1kov\u00e1)<br \/>\nA.2 V\u00fdznam hodnot tradi\u010dn\u00ed lidov\u00e9 kultury pro v\u00fdchovu (Alena Schauerov\u00e1)<\/p>\n<p><strong>B Tematick\u00e9 projekty<\/strong><\/p>\n<p>B.1.1 Ka\u017ed\u00fd se n\u011bjak jmenuje \u2013 rodina a\u00a0rodinn\u00e9 zvykoslov\u00ed(R\u016f\u017eena Vincikov\u00e1, Ivana Janou\u0161ov\u00e1)Z\u00e1kladn\u00ed didaktick\u00e9 informace<br \/>\nB.1.2 Realizace aktivit:<\/p>\n<ol>\n<li>Ka\u017ed\u00fd se n\u011bjak jmenuje aneb Od k\u0159tu do dosp\u011blosti<\/li>\n<li>K\u0159est<\/li>\n<li>U maminky<\/li>\n<li>\u0160koln\u00ed l\u00e9ta<\/li>\n<li>Kamar\u00e1dka moje<\/li>\n<li>Namlouv\u00e1n\u00ed<\/li>\n<li>U\u017e jsme svoji<\/li>\n<li>Ka\u017ed\u00fd se n\u011bjak jmenuje \u2013 pracovn\u00ed list<\/li>\n<li>M\u00f3dn\u00ed vlny ve v\u00fdb\u011bru jmen<\/li>\n<li>Prezentace<\/li>\n<\/ol>\n<p>B.1.3 Projektov\u00fd den:<\/p>\n<ul>\n<li>Z\u00e1kladn\u00ed didaktick\u00e9 informace<\/li>\n<li>Pr\u016fb\u011bh projektov\u00e9ho dne \u2013 p\u0159ehled<\/li>\n<li>Realizace projektov\u00e9ho dne (aktivity):\n<ol>\n<li>Ka\u017ed\u00fd se n\u011bjak jmenuje \u2013 motivace<\/li>\n<li>\u0160k\u00e1dlivky, hry<\/li>\n<li>Jak jsem ke sv\u00e9mu jm\u00e9nu p\u0159i\u0161el \u2013 vytvo\u0159en\u00ed kn\u00ed\u017eky<\/li>\n<li>Prezentace knihy, statistiky jmen a p\u0159\u00edjmen\u00ed<\/li>\n<\/ol>\n<\/li>\n<\/ul>\n<p>B.1.4 Podklady pro u\u010ditele:<\/p>\n<ul>\n<li>Motiva\u010dn\u00ed text \u2013 Ka\u017ed\u00fd se n\u011bjak jmenuje<\/li>\n<li>K\u0159estn\u00ed jm\u00e9no a\u00a0k\u0159est<\/li>\n<li>Jak jsem ke sv\u00e9mu jm\u00e9nu p\u0159i\u0161el. Pracovn\u00ed list<\/li>\n<li>P\u0159\u00edslov\u00ed a\u00a0cit\u00e1ty<\/li>\n<li>Seznam vybran\u00fdch lidov\u00fdch p\u00edsn\u00ed<\/li>\n<li>Hal\u00ed, bel\u00ed \u2013 ver\u0161e pro mal\u00e9 d\u011bti<\/li>\n<li>\u0160k\u00e1dlivky, \u0159\u00edkadla<\/li>\n<li>Ka\u017ed\u00fd se n\u011bjak jmenuje. Pracovn\u00ed list<\/li>\n<li>M\u00f3dn\u00ed vlny ve v\u00fdb\u011bru jmen \u2013 statistika<\/li>\n<li>P\u00edsn\u011b \u2013 notov\u00e9 z\u00e1pisy<\/li>\n<li>Pou\u017eit\u00e1 a\u00a0doporu\u010den\u00e1 literatura<\/li>\n<\/ul>\n<p>B.2.1\u0158emeslo na\u0161ich p\u0159edk\u016f: Ko\u0161\u00edk\u00e1\u0159stv\u00ed (Radu\u0161e \u010cerm\u00e1kov\u00e1)Z\u00e1kladn\u00ed didaktick\u00e9 informace<br \/>\nB.2.2 Realizace aktivit:<\/p>\n<ol>\n<li>\u0158emesla \u2013 ko\u0161\u00edk\u00e1\u0159stv\u00ed<\/li>\n<li>Ko\u0161\u00edk\u00e1\u0159sk\u00e1 poh\u00e1dka<\/li>\n<li>P\u0159\u00edslov\u00ed<\/li>\n<li>V\u00fdroba pap\u00edrov\u00e9ho ko\u0161\u00edku<\/li>\n<li>\u0158\u00edkadla a p\u00edsn\u011b s ko\u0161\u00edk\u00e1\u0159skou t\u00e9matikou<\/li>\n<li>Jak se vyr\u00e1b\u00ed ko\u0161 \u2013 pracovn\u00ed postup<\/li>\n<\/ol>\n<p>B.2.3 Projektov\u00fd den: Ko\u0161\u00edk\u00e1\u0159stv\u00ed, Z\u00e1kladn\u00ed didaktick\u00e9 informace<\/p>\n<ul>\n<li>Realizace projektu: Exkurze do muzea<\/li>\n<li>V\u00fdroba prout\u011bn\u00e9ho ko\u0161\u00edku<\/li>\n<li>Z\u00e1v\u011br projektu<\/li>\n<\/ul>\n<p>B.2.4 Podklady pro u\u010ditele:<\/p>\n<ul>\n<li>Ko\u0161\u00edk\u00e1\u0159stv\u00ed \u2013 historie<\/li>\n<li>Ko\u0161\u00edk\u00e1\u0159sk\u00e1 poh\u00e1dka<\/li>\n<li>O vrbov\u00e9 poml\u00e1zce \u2013 poh\u00e1dka<\/li>\n<li>\u0158\u00edkadla o\u00a0prout\u00ed a\u00a0ko\u0161\u00edch<\/li>\n<li>P\u00edsn\u011b: \u0160la Nanynka<\/li>\n<li>\u0160la m\u00e1 mil\u00e1 do Klom\u00edna<\/li>\n<li>Obrazov\u00fd materi\u00e1l \u2013 ko\u0161\u00edk\u00e1\u0159stv\u00ed<\/li>\n<li>Jednoduch\u00fd popis pracovn\u00edho postupu<\/li>\n<li>Pracovn\u00ed list \u2013 Ko\u0161\u00edk\u00e1\u0159sk\u00e9 \u0159emeslo<\/li>\n<li>Ko\u0161\u00ed\u010dek \u2013 \u0161ablona<\/li>\n<li>Pou\u017eit\u00e1 a\u00a0doporu\u010den\u00e1 literatura<\/li>\n<\/ul>\n<p>B.3\u20136 Jarn\u00ed v\u00fdro\u010dn\u00ed oby\u010deje (Yvona Vor\u00e1\u010dov\u00e1)<br \/>\nB.3.1 Hu, hu, hu, jaro u\u017e je tuZ\u00e1kladn\u00ed didaktick\u00e9 informace<br \/>\nB.3.2 Realizace aktivit:<\/p>\n<ol>\n<li>Tane\u010dn\u00ed hra Na slun\u00ed\u010dko<\/li>\n<li>Tane\u010dn\u00ed hra Zlat\u00e1 br\u00e1na<\/li>\n<li>Pt\u00e1\u010dku, jak zp\u00edv\u00e1\u0161?<\/li>\n<li>Pt\u00e1\u010dku, zazp\u00edvej!<\/li>\n<li>Nakresli si pt\u00e1\u010dka<\/li>\n<li>Pta\u010d\u00ed sn\u011bm<\/li>\n<li>Leteck\u00fd den<\/li>\n<li>P\u00edse\u0148 a tanec Kuka\u010dka<\/li>\n<li>Velikono\u010dn\u00ed slepi\u010dka<\/li>\n<\/ol>\n<p>B.3.3 Podklady pro u\u010ditele:<\/p>\n<ul>\n<li>Kaj, kuka\u010dko<\/li>\n<li>H\u0159ej, slun\u00ed\u010dko<\/li>\n<li>\u0160ablona slepi\u010dky<\/li>\n<\/ul>\n<p>B.4.1 Pa\u0161ijov\u00fd kalend\u00e1\u0159<br \/>\nB.4.2 Realizace aktivit:<\/p>\n<ol>\n<li>Pa\u0161ijov\u00fd t\u00fdden<\/li>\n<li>Pa\u0161ijov\u00fd kalend\u00e1\u0159<\/li>\n<li>\u0160kared\u00e1 st\u0159eda<\/li>\n<li>Hra na Jid\u00e1\u0161e<\/li>\n<li>Kdo je Jid\u00e1\u0161<\/li>\n<li>V\u00edt\u00e1m t\u011b, vodi\u010dko \u010dist\u00e1<\/li>\n<li>Holka modrooka \u2013 tanec<\/li>\n<li>N\u00e1vrat zvon\u016f<\/li>\n<li>Mazanec<\/li>\n<li>Kdes kl\u00ed\u010de dala?<\/li>\n<\/ol>\n<p>B.4.3 Podklady pro u\u010ditele:<\/p>\n<ul>\n<li>Holka modrooka \u2013 p\u00edse\u0148 a\u00a0tanec<\/li>\n<li>Smrtn\u00e1 ned\u011bla<\/li>\n<li>Pou\u017eit\u00e1 literatura<\/li>\n<\/ul>\n<p>B.5.1 Kalamajka, d\u00e1vaj vajkaZ\u00e1kladn\u00ed didaktick\u00e9 informace<br \/>\nB.5.2 Realizace aktivit:<\/p>\n<ol>\n<li>Poml\u00e1zka \u2013 pr\u00e1ce s textem<\/li>\n<li>Hra Hled\u00e1n\u00ed mil\u00e9ho<\/li>\n<li>N\u00e1pisy a koleda<\/li>\n<li>Zdoben\u00ed vaj\u00ed\u010dek a pleten\u00ed poml\u00e1zky<\/li>\n<li>Honi\u010dka s poml\u00e1zkou a obdarov\u00e1n\u00ed<\/li>\n<li>P\u00edse\u0148 Roztrhana chalupa<\/li>\n<li>Hry s vaj\u00ed\u010dky<\/li>\n<\/ol>\n<p>B.5.3 Podklady pro u\u010ditele:<\/p>\n<ul>\n<li>Motivy na kraslice<\/li>\n<li>N\u00e1pisy na kraslice<\/li>\n<li>Svazov\u00e1n\u00ed prut\u016f<\/li>\n<li>Roztrhana chalupa<\/li>\n<li>Pou\u017eit\u00e1 literatura<\/li>\n<\/ul>\n<p>B.6.1 Projektov\u00fd den: N\u011bsem, n\u011bsem Ma\u0159enu!Z\u00e1kladn\u00ed didaktick\u00e9 informace<br \/>\nB.6.2 Jarn\u00ed po\u0161ta<\/p>\n<ul>\n<li>Dopis pro 1.\u00a0ro\u010dn\u00edk<\/li>\n<li>Dopis pro 2.\u00a0ro\u010dn\u00edk<\/li>\n<li>Dopis pro 3.\u00a0ro\u010dn\u00edk<\/li>\n<li>Dopis pro 4.\u00a0ro\u010dn\u00edk<\/li>\n<li>Dopis pro 5.\u00a0ro\u010dn\u00edk<\/li>\n<li>Dopis pro \u0159editele \u0161koly<\/li>\n<\/ul>\n<p>B.6.3 Podklady pro u\u010ditele:<\/p>\n<ul>\n<li>Had leze z\u00a0\u010f\u00fary<\/li>\n<li>Volky<\/li>\n<li>Postn\u00ed ned\u011ble \u2013 n\u00e1zvy<\/li>\n<li>N\u011bsemy Maji\u010dek<\/li>\n<\/ul>\n<p><strong>C<\/strong> <strong>Jak si hr\u00e1li na\u0161i rodi\u010de a\u00a0prarodi\u010de, kdy\u017e byli mal\u00ed<\/strong><\/p>\n<p>C.1 Hry na\u0161ich p\u0159edk\u016f (R\u016f\u017eena Vincikov\u00e1)<br \/>\nC.2 O\u00a0h\u0159e (Anna \u0160mardov\u00e1)<\/p>\n<p><strong>D P\u0159\u00edlohy<\/strong><\/p>\n<p>D.1 Ro\u010dn\u00ed pl\u00e1ny (uk\u00e1zky)<\/p>\n<ul>\n<li>Pl\u00e1n pr\u00e1ce 5.\u00a0ro\u010dn\u00edku v\u00a0Krmel\u00edn\u011b (Yvona Vor\u00e1\u010dov\u00e1)<\/li>\n<li>Pl\u00e1n pr\u00e1ce 2.\u00a0a\u00a03.\u00a0ro\u010dn\u00edku M\u0160 a\u00a0Z\u0160 v\u00a0Doln\u00ed Ro\u017e\u00ednce (Ivana Janou\u0161ov\u00e1)<\/li>\n<\/ul>\n<p>D.2 V\u00fdzva<\/p>\n<\/div><\/section><\/div><div class='av-flex-placeholder'><\/div>\n<style type=\"text\/css\" data-created_by=\"avia_inline_auto\" id=\"style-css-av-6bx35f-0304c699c9e362fa849b7b20a46af2ec\">\n.flex_column.av-6bx35f-0304c699c9e362fa849b7b20a46af2ec{\nborder-radius:0px 0px 0px 0px;\npadding:0px 0px 0px 0px;\n}\n<\/style>\n<div  class='flex_column av-6bx35f-0304c699c9e362fa849b7b20a46af2ec av_one_half  avia-builder-el-5  el_after_av_one_half  avia-builder-el-last  flex_column_table_cell av-equal-height-column av-align-top av-zero-column-padding  '     ><p><div  class='avia-button-wrap avia-button-center  avia-builder-el-6  el_before_av_hr  avia-builder-el-first '>\n<style type=\"text\/css\" data-created_by=\"avia_inline_auto\" id=\"style-css-av-5xb1nf-34ffca3f048d8f401cae52daeecaed97\">\n#top #wrap_all .avia-button.av-5xb1nf-34ffca3f048d8f401cae52daeecaed97{\nbackground-color:#2a420f;\nborder-color:#2a420f;\ncolor:#ffffff;\ntransition:all 0.4s ease-in-out;\n}\n#top #wrap_all .avia-button.av-5xb1nf-34ffca3f048d8f401cae52daeecaed97:hover{\ncolor:#ffffff;\ntransition:all 0.4s ease-in-out;\n}\n#top #wrap_all .avia-button.av-5xb1nf-34ffca3f048d8f401cae52daeecaed97 .avia-svg-icon svg:first-child{\nfill:#ffffff;\nstroke:#ffffff;\n}\n#top #wrap_all .avia-button.av-5xb1nf-34ffca3f048d8f401cae52daeecaed97:hover .avia-svg-icon svg:first-child{\nfill:#ffffff;\nstroke:#ffffff;\n}\n<\/style>\n<a href='http:\/\/www.nulk.cz\/wp-content\/uploads\/2019\/01\/Tady_jsme_doma_blok_fotky_final.pdf' class='avia-button avia-button-fullwidth av-5xb1nf-34ffca3f048d8f401cae52daeecaed97 avia-icon_select-yes-right-icon avia-color-custom'  target=\"_blank\"  rel=\"noopener noreferrer\"  aria-label=\"St\u00e1hnout PDF 1. vyd\u00e1n\u00ed manu\u00e1lu\"><span class='avia_iconbox_title' >St\u00e1hnout PDF 1. vyd\u00e1n\u00ed manu\u00e1lu<\/span><span class='avia_button_icon avia_button_icon_right avia-iconfont avia-font-entypo-fontello' data-av_icon='\ue82d' data-av_iconfont='entypo-fontello' ><\/span><span class='avia_button_background avia-button avia-button-fullwidth avia-color-theme-color'><\/span><\/a><\/div><br \/>\n\n<style type=\"text\/css\" data-created_by=\"avia_inline_auto\" id=\"style-css-av-kereydhd-39883ff747f33a7ce5026b346eb31f3e\">\n#top .hr.hr-invisible.av-kereydhd-39883ff747f33a7ce5026b346eb31f3e{\nheight:25px;\n}\n<\/style>\n<div  class='hr av-kereydhd-39883ff747f33a7ce5026b346eb31f3e hr-invisible  avia-builder-el-7  el_after_av_button_big  el_before_av_image  avia-builder-el-first '><span class='hr-inner '><span class=\"hr-inner-style\"><\/span><\/span><\/div><br \/>\n\n<style type=\"text\/css\" data-created_by=\"avia_inline_auto\" id=\"style-css-av-kerer6sh-516a652fe632f013406d39de0a0427bf\">\n.avia-image-container.av-kerer6sh-516a652fe632f013406d39de0a0427bf img.avia_image{\nbox-shadow:none;\n}\n.avia-image-container.av-kerer6sh-516a652fe632f013406d39de0a0427bf .av-image-caption-overlay-center{\ncolor:#ffffff;\n}\n<\/style>\n<div  class='avia-image-container av-kerer6sh-516a652fe632f013406d39de0a0427bf av-styling- av-img-linked avia-align-center  avia-builder-el-8  el_after_av_hr  el_before_av_image '   itemprop=\"image\" itemscope=\"itemscope\" itemtype=\"https:\/\/schema.org\/ImageObject\" ><div class=\"avia-image-container-inner\"><div class=\"avia-image-overlay-wrap\"><a href=\"https:\/\/www.nulk.cz\/tadyjsmedoma\/wp-content\/uploads\/2024\/07\/holding-cover-kniha1res.jpg\" data-srcset=\"https:\/\/www.nulk.cz\/tadyjsmedoma\/wp-content\/uploads\/2024\/07\/holding-cover-kniha1res.jpg 1024w, https:\/\/www.nulk.cz\/tadyjsmedoma\/wp-content\/uploads\/2024\/07\/holding-cover-kniha1res-300x218.jpg 300w, https:\/\/www.nulk.cz\/tadyjsmedoma\/wp-content\/uploads\/2024\/07\/holding-cover-kniha1res-768x559.jpg 768w, https:\/\/www.nulk.cz\/tadyjsmedoma\/wp-content\/uploads\/2024\/07\/holding-cover-kniha1res-705x513.jpg 705w\" data-sizes=\"(max-width: 1024px) 100vw, 1024px\" class='avia_image '  aria-label='Holding Cover kniha1res'><img decoding=\"async\" fetchpriority=\"high\" class='wp-image-2544 avia-img-lazy-loading-not-2544 avia_image ' src=\"https:\/\/www.nulk.cz\/tadyjsmedoma\/wp-content\/uploads\/2024\/07\/holding-cover-kniha1res.jpg\" alt='' title='Holding Cover kniha1res'  height=\"745\" width=\"1024\"  itemprop=\"thumbnailUrl\" srcset=\"https:\/\/www.nulk.cz\/tadyjsmedoma\/wp-content\/uploads\/2024\/07\/holding-cover-kniha1res.jpg 1024w, https:\/\/www.nulk.cz\/tadyjsmedoma\/wp-content\/uploads\/2024\/07\/holding-cover-kniha1res-300x218.jpg 300w, https:\/\/www.nulk.cz\/tadyjsmedoma\/wp-content\/uploads\/2024\/07\/holding-cover-kniha1res-768x559.jpg 768w, https:\/\/www.nulk.cz\/tadyjsmedoma\/wp-content\/uploads\/2024\/07\/holding-cover-kniha1res-705x513.jpg 705w\" sizes=\"(max-width: 1024px) 100vw, 1024px\" \/><\/a><\/div><\/div><\/div><br \/>\n\n<style type=\"text\/css\" data-created_by=\"avia_inline_auto\" id=\"style-css-av-kerer6sh-1a80e7e1f3531c8bafbc379e0723d38e\">\n.avia-image-container.av-kerer6sh-1a80e7e1f3531c8bafbc379e0723d38e img.avia_image{\nbox-shadow:none;\n}\n.avia-image-container.av-kerer6sh-1a80e7e1f3531c8bafbc379e0723d38e .av-image-caption-overlay-center{\ncolor:#ffffff;\n}\n<\/style>\n<div  class='avia-image-container av-kerer6sh-1a80e7e1f3531c8bafbc379e0723d38e av-styling- av-img-linked avia-align-center  avia-builder-el-9  el_after_av_image  el_before_av_image '   itemprop=\"image\" itemscope=\"itemscope\" itemtype=\"https:\/\/schema.org\/ImageObject\" ><div class=\"avia-image-container-inner\"><div class=\"avia-image-overlay-wrap\"><a href=\"https:\/\/www.nulk.cz\/tadyjsmedoma\/wp-content\/uploads\/2024\/07\/dil1-nahled1-1030x687.jpg\" data-srcset=\"https:\/\/www.nulk.cz\/tadyjsmedoma\/wp-content\/uploads\/2024\/07\/dil1-nahled1-1030x687.jpg 1030w, https:\/\/www.nulk.cz\/tadyjsmedoma\/wp-content\/uploads\/2024\/07\/dil1-nahled1-300x200.jpg 300w, https:\/\/www.nulk.cz\/tadyjsmedoma\/wp-content\/uploads\/2024\/07\/dil1-nahled1-768x513.jpg 768w, https:\/\/www.nulk.cz\/tadyjsmedoma\/wp-content\/uploads\/2024\/07\/dil1-nahled1-1536x1025.jpg 1536w, https:\/\/www.nulk.cz\/tadyjsmedoma\/wp-content\/uploads\/2024\/07\/dil1-nahled1-2048x1367.jpg 2048w, https:\/\/www.nulk.cz\/tadyjsmedoma\/wp-content\/uploads\/2024\/07\/dil1-nahled1-1500x1001.jpg 1500w, https:\/\/www.nulk.cz\/tadyjsmedoma\/wp-content\/uploads\/2024\/07\/dil1-nahled1-705x471.jpg 705w\" data-sizes=\"(max-width: 1030px) 100vw, 1030px\" class='avia_image '  aria-label='dil1-nahled1'><img decoding=\"async\" fetchpriority=\"high\" class='wp-image-2546 avia-img-lazy-loading-not-2546 avia_image ' src=\"https:\/\/www.nulk.cz\/tadyjsmedoma\/wp-content\/uploads\/2024\/07\/dil1-nahled1-scaled.jpg\" alt='' title='dil1-nahled1'  height=\"1709\" width=\"2560\"  itemprop=\"thumbnailUrl\" srcset=\"https:\/\/www.nulk.cz\/tadyjsmedoma\/wp-content\/uploads\/2024\/07\/dil1-nahled1-scaled.jpg 2560w, https:\/\/www.nulk.cz\/tadyjsmedoma\/wp-content\/uploads\/2024\/07\/dil1-nahled1-300x200.jpg 300w, https:\/\/www.nulk.cz\/tadyjsmedoma\/wp-content\/uploads\/2024\/07\/dil1-nahled1-1030x687.jpg 1030w, https:\/\/www.nulk.cz\/tadyjsmedoma\/wp-content\/uploads\/2024\/07\/dil1-nahled1-768x513.jpg 768w, https:\/\/www.nulk.cz\/tadyjsmedoma\/wp-content\/uploads\/2024\/07\/dil1-nahled1-1536x1025.jpg 1536w, https:\/\/www.nulk.cz\/tadyjsmedoma\/wp-content\/uploads\/2024\/07\/dil1-nahled1-2048x1367.jpg 2048w, https:\/\/www.nulk.cz\/tadyjsmedoma\/wp-content\/uploads\/2024\/07\/dil1-nahled1-1500x1001.jpg 1500w, https:\/\/www.nulk.cz\/tadyjsmedoma\/wp-content\/uploads\/2024\/07\/dil1-nahled1-705x471.jpg 705w\" sizes=\"(max-width: 2560px) 100vw, 2560px\" \/><\/a><\/div><\/div><\/div><br \/>\n\n<style type=\"text\/css\" data-created_by=\"avia_inline_auto\" id=\"style-css-av-kerer6sh-fd9efb632f92fc66f49596454ab955d2\">\n.avia-image-container.av-kerer6sh-fd9efb632f92fc66f49596454ab955d2 img.avia_image{\nbox-shadow:none;\n}\n.avia-image-container.av-kerer6sh-fd9efb632f92fc66f49596454ab955d2 .av-image-caption-overlay-center{\ncolor:#ffffff;\n}\n<\/style>\n<div  class='avia-image-container av-kerer6sh-fd9efb632f92fc66f49596454ab955d2 av-styling- av-img-linked avia-align-center  avia-builder-el-10  el_after_av_image  el_before_av_hr '   itemprop=\"image\" itemscope=\"itemscope\" itemtype=\"https:\/\/schema.org\/ImageObject\" ><div class=\"avia-image-container-inner\"><div class=\"avia-image-overlay-wrap\"><a href=\"https:\/\/www.nulk.cz\/tadyjsmedoma\/wp-content\/uploads\/2024\/07\/dil1-nahled2-1030x687.jpg\" data-srcset=\"https:\/\/www.nulk.cz\/tadyjsmedoma\/wp-content\/uploads\/2024\/07\/dil1-nahled2-1030x687.jpg 1030w, https:\/\/www.nulk.cz\/tadyjsmedoma\/wp-content\/uploads\/2024\/07\/dil1-nahled2-300x200.jpg 300w, https:\/\/www.nulk.cz\/tadyjsmedoma\/wp-content\/uploads\/2024\/07\/dil1-nahled2-768x513.jpg 768w, https:\/\/www.nulk.cz\/tadyjsmedoma\/wp-content\/uploads\/2024\/07\/dil1-nahled2-1536x1025.jpg 1536w, https:\/\/www.nulk.cz\/tadyjsmedoma\/wp-content\/uploads\/2024\/07\/dil1-nahled2-2048x1367.jpg 2048w, https:\/\/www.nulk.cz\/tadyjsmedoma\/wp-content\/uploads\/2024\/07\/dil1-nahled2-1500x1001.jpg 1500w, https:\/\/www.nulk.cz\/tadyjsmedoma\/wp-content\/uploads\/2024\/07\/dil1-nahled2-705x471.jpg 705w\" data-sizes=\"(max-width: 1030px) 100vw, 1030px\" class='avia_image '  aria-label='dil1-nahled2'><img decoding=\"async\" fetchpriority=\"high\" class='wp-image-2547 avia-img-lazy-loading-not-2547 avia_image ' src=\"https:\/\/www.nulk.cz\/tadyjsmedoma\/wp-content\/uploads\/2024\/07\/dil1-nahled2-scaled.jpg\" alt='' title='dil1-nahled2'  height=\"1709\" width=\"2560\"  itemprop=\"thumbnailUrl\" srcset=\"https:\/\/www.nulk.cz\/tadyjsmedoma\/wp-content\/uploads\/2024\/07\/dil1-nahled2-scaled.jpg 2560w, https:\/\/www.nulk.cz\/tadyjsmedoma\/wp-content\/uploads\/2024\/07\/dil1-nahled2-300x200.jpg 300w, https:\/\/www.nulk.cz\/tadyjsmedoma\/wp-content\/uploads\/2024\/07\/dil1-nahled2-1030x687.jpg 1030w, https:\/\/www.nulk.cz\/tadyjsmedoma\/wp-content\/uploads\/2024\/07\/dil1-nahled2-768x513.jpg 768w, https:\/\/www.nulk.cz\/tadyjsmedoma\/wp-content\/uploads\/2024\/07\/dil1-nahled2-1536x1025.jpg 1536w, https:\/\/www.nulk.cz\/tadyjsmedoma\/wp-content\/uploads\/2024\/07\/dil1-nahled2-2048x1367.jpg 2048w, https:\/\/www.nulk.cz\/tadyjsmedoma\/wp-content\/uploads\/2024\/07\/dil1-nahled2-1500x1001.jpg 1500w, https:\/\/www.nulk.cz\/tadyjsmedoma\/wp-content\/uploads\/2024\/07\/dil1-nahled2-705x471.jpg 705w\" sizes=\"(max-width: 2560px) 100vw, 2560px\" \/><\/a><\/div><\/div><\/div><br \/>\n\n<style type=\"text\/css\" data-created_by=\"avia_inline_auto\" id=\"style-css-av-kereydhd-97515ec591627161b212f24a25f4488b\">\n#top .hr.av-kereydhd-97515ec591627161b212f24a25f4488b{\nmargin-top:30px;\nmargin-bottom:30px;\n}\n.hr.av-kereydhd-97515ec591627161b212f24a25f4488b .hr-inner{\nwidth:50px;\nmax-width:45%;\n}\n<\/style>\n<div  class='hr av-kereydhd-97515ec591627161b212f24a25f4488b hr-custom  avia-builder-el-11  el_after_av_image  el_before_av_textblock  hr-center hr-icon-yes'><span class='hr-inner inner-border-av-border-thin'><span class=\"hr-inner-style\"><\/span><\/span><span class='av-seperator-icon avia-iconfont avia-font-entypo-fontello' data-av_icon='\ue81e' data-av_iconfont='entypo-fontello' ><\/span><span class='hr-inner inner-border-av-border-thin'><span class=\"hr-inner-style\"><\/span><\/span><\/div><br \/>\n<section  class='av_textblock_section av-4pchff-cddfc6036ecd5711d84ab52b10915ab4 '   itemscope=\"itemscope\" itemtype=\"https:\/\/schema.org\/CreativeWork\" ><div class='avia_textblock av_inherit_color'  itemprop=\"text\" ><p>V\u00a0r\u00e1mci projektu <strong>Tady jsme doma \u2013 Region\u00e1ln\u00ed folklor do \u0161koly<\/strong>, byla vyd\u00e1na kniha<strong> Manu\u00e1l pro u\u010ditele II<\/strong>, kter\u00e1 nav\u00e1zala na tento prvn\u00ed d\u00edl.<\/p>\n<\/div><\/section><\/p><\/div><\/div><!--close column table wrapper. Autoclose: 1 -->\n","protected":false},"excerpt":{"rendered":"","protected":false},"author":3,"featured_media":0,"parent":0,"menu_order":0,"comment_status":"closed","ping_status":"closed","template":"","meta":{"footnotes":""},"class_list":["post-2022","page","type-page","status-publish","hentry"],"_links":{"self":[{"href":"https:\/\/www.nulk.cz\/tadyjsmedoma\/wp-json\/wp\/v2\/pages\/2022","targetHints":{"allow":["GET"]}}],"collection":[{"href":"https:\/\/www.nulk.cz\/tadyjsmedoma\/wp-json\/wp\/v2\/pages"}],"about":[{"href":"https:\/\/www.nulk.cz\/tadyjsmedoma\/wp-json\/wp\/v2\/types\/page"}],"author":[{"embeddable":true,"href":"https:\/\/www.nulk.cz\/tadyjsmedoma\/wp-json\/wp\/v2\/users\/3"}],"replies":[{"embeddable":true,"href":"https:\/\/www.nulk.cz\/tadyjsmedoma\/wp-json\/wp\/v2\/comments?post=2022"}],"version-history":[{"count":19,"href":"https:\/\/www.nulk.cz\/tadyjsmedoma\/wp-json\/wp\/v2\/pages\/2022\/revisions"}],"predecessor-version":[{"id":2548,"href":"https:\/\/www.nulk.cz\/tadyjsmedoma\/wp-json\/wp\/v2\/pages\/2022\/revisions\/2548"}],"wp:attachment":[{"href":"https:\/\/www.nulk.cz\/tadyjsmedoma\/wp-json\/wp\/v2\/media?parent=2022"}],"curies":[{"name":"wp","href":"https:\/\/api.w.org\/{rel}","templated":true}]}}