{"id":1927,"date":"2020-10-07T19:52:12","date_gmt":"2020-10-07T17:52:12","guid":{"rendered":"http:\/\/www.nulk.cz\/tadyjsmedoma\/?page_id=1927"},"modified":"2020-10-09T13:11:55","modified_gmt":"2020-10-09T11:11:55","slug":"pracovni-seminar","status":"publish","type":"page","link":"https:\/\/www.nulk.cz\/tadyjsmedoma\/pracovni-seminar\/","title":{"rendered":"Pracovn\u00ed semin\u00e1\u0159"},"content":{"rendered":"<div id='av_section_1'  class='avia-section av-7e45qv-efa61b60db6f690ef632482004783737 main_color avia-section-default avia-no-border-styling  avia-builder-el-0  avia-builder-el-no-sibling  avia-bg-style-scroll container_wrap fullsize'  ><div class='container av-section-cont-open' ><main  role=\"main\" itemprop=\"mainContentOfPage\"  class='template-page content  av-content-full alpha units'><div class='post-entry post-entry-type-page post-entry-1927'><div class='entry-content-wrapper clearfix'>\n\n<style type=\"text\/css\" data-created_by=\"avia_inline_auto\" id=\"style-css-av-5x0al3-5949797b217b8fb4d737b49168c81bf4\">\n.flex_column.av-5x0al3-5949797b217b8fb4d737b49168c81bf4{\nborder-radius:0px 0px 0px 0px;\npadding:0px 0px 0px 0px;\n}\n<\/style>\n<div  class='flex_column av-5x0al3-5949797b217b8fb4d737b49168c81bf4 av_one_fifth  avia-builder-el-1  el_before_av_three_fifth  avia-builder-el-first  first flex_column_div av-zero-column-padding  '     ><\/div>\n<style type=\"text\/css\" data-created_by=\"avia_inline_auto\" id=\"style-css-av-3iyq8n-19c8c227dea3295fe7cbeb09f80d2912\">\n.flex_column.av-3iyq8n-19c8c227dea3295fe7cbeb09f80d2912{\nborder-radius:0px 0px 0px 0px;\npadding:0px 0px 0px 0px;\n}\n<\/style>\n<div  class='flex_column av-3iyq8n-19c8c227dea3295fe7cbeb09f80d2912 av_three_fifth  avia-builder-el-2  el_after_av_one_fifth  el_before_av_one_fifth  flex_column_div av-zero-column-padding  '     ><p>\n<style type=\"text\/css\" data-created_by=\"avia_inline_auto\" id=\"style-css-av-av_heading-32d36801c10b08e7a6622eb4c185440d\">\n#top .av-special-heading.av-av_heading-32d36801c10b08e7a6622eb4c185440d{\npadding-bottom:10px;\n}\nbody .av-special-heading.av-av_heading-32d36801c10b08e7a6622eb4c185440d .av-special-heading-tag .heading-char{\nfont-size:25px;\n}\n.av-special-heading.av-av_heading-32d36801c10b08e7a6622eb4c185440d .av-subheading{\nfont-size:15px;\n}\n<\/style>\n<div  class='av-special-heading av-av_heading-32d36801c10b08e7a6622eb4c185440d av-special-heading-h3  avia-builder-el-3  el_before_av_textblock  avia-builder-el-first '><h3 class='av-special-heading-tag '  itemprop=\"headline\"  >Pracovn\u00ed semin\u00e1\u0159<\/h3><div class=\"special-heading-border\"><div class=\"special-heading-inner-border\"><\/div><\/div><\/div><br \/>\n<section  class='av_textblock_section av-kfzolm8w-8b43d89486e21a3843a2512a60d6f383 '   itemscope=\"itemscope\" itemtype=\"https:\/\/schema.org\/CreativeWork\" ><div class='avia_textblock'  itemprop=\"text\" ><p>Pracovn\u00ed semin\u00e1\u0159 pro u\u010ditele je t\u0159\u00eddenn\u00edm workshopem pro pedagogy pracuj\u00edc\u00ed v\u00a0projektu Tady jsme doma. Slou\u017e\u00ed jako zhodnocen\u00ed dosavadn\u00ed pr\u00e1ce, p\u0159ed\u00e1n\u00ed zku\u0161enost\u00ed ale je i motivac\u00ed a inspirac\u00ed pro dal\u0161\u00ed pr\u00e1ci v\u00a0projektu. Nad teoretick\u00fdmi i praktick\u00fdmi ot\u00e1zkami pr\u00e1ce jsou navazov\u00e1ny i osobn\u00ed vztahy tolik nezbytn\u00e9 pro tuto vzd\u011bl\u00e1vac\u00ed \u010dinnost.<\/p>\n<\/div><\/section><br \/>\n<div  class='av-alb-blogposts template-blog  av-blog-meta-author-disabled av-blog-meta-comments-disabled av-blog-meta-category-disabled av-blog-meta-date-disabled av-blog-meta-html-info-disabled av-blog-meta-tag-disabled '  itemscope=\"itemscope\" itemtype=\"https:\/\/schema.org\/Blog\" ><article class=\"post-entry post-entry-type-standard post-entry-1991 post-loop-1 post-parity-odd bloglist-simple  post-1991 post type-post status-publish format-standard hentry category-pracovni-seminar\"  itemscope=\"itemscope\" itemtype=\"https:\/\/schema.org\/BlogPosting\" ><div class=\"blog-meta\"><\/div><div class='entry-content-wrapper clearfix standard-content'><header class=\"entry-content-header\" aria-label=\"Post: Pracovn\u00ed semin\u00e1\u0159 pro u\u010ditele III (2021)\"><h2 class='post-title entry-title '  itemprop=\"headline\" ><a href=\"https:\/\/www.nulk.cz\/tadyjsmedoma\/2020\/10\/pracovni-seminar-pro-ucitele-iii\/\" rel=\"bookmark\" title=\"Permanent Link: Pracovn\u00ed semin\u00e1\u0159 pro u\u010ditele III (2021)\">Pracovn\u00ed semin\u00e1\u0159 pro u\u010ditele III (2021)<span class=\"post-format-icon minor-meta\"><\/span><\/a><\/h2><span class=\"post-meta-infos\"><div class=\"read-more-link\"><a href=\"https:\/\/www.nulk.cz\/tadyjsmedoma\/2020\/10\/pracovni-seminar-pro-ucitele-iii\/\" class=\"more-link\">\u010c\u00edst v\u00edce<span class='more-link-arrow avia-svg-icon avia-font-svg_entypo-fontello' data-av_svg_icon='right-open-big' data-av_iconset='svg_entypo-fontello'><svg version=\"1.1\" xmlns=\"http:\/\/www.w3.org\/2000\/svg\" width=\"15\" height=\"32\" viewBox=\"0 0 15 32\" preserveAspectRatio=\"xMidYMid meet\" role=\"graphics-symbol\" aria-hidden=\"true\">\n<path d=\"M0.416 27.84l11.456-11.84-11.456-11.904q-0.832-0.832 0-1.536 0.832-0.832 1.536 0l12.544 12.608q0.768 0.832 0 1.6l-12.544 12.608q-0.704 0.832-1.536 0-0.832-0.704 0-1.536z\"><\/path>\n<\/svg><\/span><\/a><\/div><\/span><\/header><footer class=\"entry-footer\"><\/footer><div class='post_delimiter'><\/div><\/div><div class=\"post_author_timeline\"><\/div><span class='hidden'>\n\t\t\t\t<span class='av-structured-data'  itemprop=\"image\" itemscope=\"itemscope\" itemtype=\"https:\/\/schema.org\/ImageObject\" >\n\t\t\t\t\t\t<span itemprop='url'>http:\/\/www.nulk.cz\/tadyjsmedoma\/wp-content\/uploads\/2020\/08\/tady_jsme_doma_logo.png<\/span>\n\t\t\t\t\t\t<span itemprop='height'>0<\/span>\n\t\t\t\t\t\t<span itemprop='width'>0<\/span>\n\t\t\t\t<\/span>\n\t\t\t\t<span class='av-structured-data'  itemprop=\"publisher\" itemtype=\"https:\/\/schema.org\/Organization\" itemscope=\"itemscope\" >\n\t\t\t\t\t\t<span itemprop='name'>Vitezslav Jaros<\/span>\n\t\t\t\t\t\t<span itemprop='logo' itemscope itemtype='https:\/\/schema.org\/ImageObject'>\n\t\t\t\t\t\t\t<span itemprop='url'>http:\/\/www.nulk.cz\/tadyjsmedoma\/wp-content\/uploads\/2020\/08\/tady_jsme_doma_logo.png<\/span>\n\t\t\t\t\t\t<\/span>\n\t\t\t\t<\/span><span class='av-structured-data'  itemprop=\"author\" itemscope=\"itemscope\" itemtype=\"https:\/\/schema.org\/Person\" ><span itemprop='name'>Vitezslav Jaros<\/span><\/span><span class='av-structured-data'  itemprop=\"datePublished\" datetime=\"2020-10-09T13:09:22+02:00\" >2020-10-09 13:09:22<\/span><span class='av-structured-data'  itemprop=\"dateModified\" itemtype=\"https:\/\/schema.org\/dateModified\" >2022-03-14 15:05:14<\/span><span class='av-structured-data'  itemprop=\"mainEntityOfPage\" itemtype=\"https:\/\/schema.org\/mainEntityOfPage\" ><span itemprop='name'>Pracovn\u00ed semin\u00e1\u0159 pro u\u010ditele III (2021)<\/span><\/span><\/span><\/article><article class=\"post-entry post-entry-type-standard post-entry-1989 post-loop-2 post-parity-even bloglist-simple  post-1989 post type-post status-publish format-standard hentry category-pracovni-seminar\"  itemscope=\"itemscope\" itemtype=\"https:\/\/schema.org\/BlogPosting\" ><div class=\"blog-meta\"><\/div><div class='entry-content-wrapper clearfix standard-content'><header class=\"entry-content-header\" aria-label=\"Post: Pracovn\u00ed semin\u00e1\u0159 pro u\u010ditele II (2018)\"><h2 class='post-title entry-title '  itemprop=\"headline\" ><a href=\"https:\/\/www.nulk.cz\/tadyjsmedoma\/2018\/10\/pracovni-seminar-pro-ucitele-ii\/\" rel=\"bookmark\" title=\"Permanent Link: Pracovn\u00ed semin\u00e1\u0159 pro u\u010ditele II (2018)\">Pracovn\u00ed semin\u00e1\u0159 pro u\u010ditele II (2018)<span class=\"post-format-icon minor-meta\"><\/span><\/a><\/h2><span class=\"post-meta-infos\"><div class=\"read-more-link\"><a href=\"https:\/\/www.nulk.cz\/tadyjsmedoma\/2018\/10\/pracovni-seminar-pro-ucitele-ii\/\" class=\"more-link\">\u010c\u00edst v\u00edce<span class='more-link-arrow avia-svg-icon avia-font-svg_entypo-fontello' data-av_svg_icon='right-open-big' data-av_iconset='svg_entypo-fontello'><svg version=\"1.1\" xmlns=\"http:\/\/www.w3.org\/2000\/svg\" width=\"15\" height=\"32\" viewBox=\"0 0 15 32\" preserveAspectRatio=\"xMidYMid meet\" role=\"graphics-symbol\" aria-hidden=\"true\">\n<path d=\"M0.416 27.84l11.456-11.84-11.456-11.904q-0.832-0.832 0-1.536 0.832-0.832 1.536 0l12.544 12.608q0.768 0.832 0 1.6l-12.544 12.608q-0.704 0.832-1.536 0-0.832-0.704 0-1.536z\"><\/path>\n<\/svg><\/span><\/a><\/div><\/span><\/header><footer class=\"entry-footer\"><\/footer><div class='post_delimiter'><\/div><\/div><div class=\"post_author_timeline\"><\/div><span class='hidden'>\n\t\t\t\t<span class='av-structured-data'  itemprop=\"image\" itemscope=\"itemscope\" itemtype=\"https:\/\/schema.org\/ImageObject\" >\n\t\t\t\t\t\t<span itemprop='url'>http:\/\/www.nulk.cz\/tadyjsmedoma\/wp-content\/uploads\/2020\/08\/tady_jsme_doma_logo.png<\/span>\n\t\t\t\t\t\t<span itemprop='height'>0<\/span>\n\t\t\t\t\t\t<span itemprop='width'>0<\/span>\n\t\t\t\t<\/span>\n\t\t\t\t<span class='av-structured-data'  itemprop=\"publisher\" itemtype=\"https:\/\/schema.org\/Organization\" itemscope=\"itemscope\" >\n\t\t\t\t\t\t<span itemprop='name'>Vitezslav Jaros<\/span>\n\t\t\t\t\t\t<span itemprop='logo' itemscope itemtype='https:\/\/schema.org\/ImageObject'>\n\t\t\t\t\t\t\t<span itemprop='url'>http:\/\/www.nulk.cz\/tadyjsmedoma\/wp-content\/uploads\/2020\/08\/tady_jsme_doma_logo.png<\/span>\n\t\t\t\t\t\t<\/span>\n\t\t\t\t<\/span><span class='av-structured-data'  itemprop=\"author\" itemscope=\"itemscope\" itemtype=\"https:\/\/schema.org\/Person\" ><span itemprop='name'>Vitezslav Jaros<\/span><\/span><span class='av-structured-data'  itemprop=\"datePublished\" datetime=\"2018-10-09T13:08:13+02:00\" >2018-10-09 13:08:13<\/span><span class='av-structured-data'  itemprop=\"dateModified\" itemtype=\"https:\/\/schema.org\/dateModified\" >2020-10-09 13:28:50<\/span><span class='av-structured-data'  itemprop=\"mainEntityOfPage\" itemtype=\"https:\/\/schema.org\/mainEntityOfPage\" ><span itemprop='name'>Pracovn\u00ed semin\u00e1\u0159 pro u\u010ditele II (2018)<\/span><\/span><\/span><\/article><article class=\"post-entry post-entry-type-standard post-entry-1987 post-loop-3 post-parity-odd post-entry-last bloglist-simple  post-1987 post type-post status-publish format-standard hentry category-pracovni-seminar\"  itemscope=\"itemscope\" itemtype=\"https:\/\/schema.org\/BlogPosting\" ><div class=\"blog-meta\"><\/div><div class='entry-content-wrapper clearfix standard-content'><header class=\"entry-content-header\" aria-label=\"Post: Pracovn\u00ed semin\u00e1\u0159 pro u\u010ditele I (2016)\"><h2 class='post-title entry-title '  itemprop=\"headline\" ><a href=\"https:\/\/www.nulk.cz\/tadyjsmedoma\/2016\/10\/pracovni-seminar-pro-ucitele-i\/\" rel=\"bookmark\" title=\"Permanent Link: Pracovn\u00ed semin\u00e1\u0159 pro u\u010ditele I (2016)\">Pracovn\u00ed semin\u00e1\u0159 pro u\u010ditele I (2016)<span class=\"post-format-icon minor-meta\"><\/span><\/a><\/h2><span class=\"post-meta-infos\"><div class=\"read-more-link\"><a href=\"https:\/\/www.nulk.cz\/tadyjsmedoma\/2016\/10\/pracovni-seminar-pro-ucitele-i\/\" class=\"more-link\">\u010c\u00edst v\u00edce<span class='more-link-arrow avia-svg-icon avia-font-svg_entypo-fontello' data-av_svg_icon='right-open-big' data-av_iconset='svg_entypo-fontello'><svg version=\"1.1\" xmlns=\"http:\/\/www.w3.org\/2000\/svg\" width=\"15\" height=\"32\" viewBox=\"0 0 15 32\" preserveAspectRatio=\"xMidYMid meet\" role=\"graphics-symbol\" aria-hidden=\"true\">\n<path d=\"M0.416 27.84l11.456-11.84-11.456-11.904q-0.832-0.832 0-1.536 0.832-0.832 1.536 0l12.544 12.608q0.768 0.832 0 1.6l-12.544 12.608q-0.704 0.832-1.536 0-0.832-0.704 0-1.536z\"><\/path>\n<\/svg><\/span><\/a><\/div><\/span><\/header><footer class=\"entry-footer\"><\/footer><div class='post_delimiter'><\/div><\/div><div class=\"post_author_timeline\"><\/div><span class='hidden'>\n\t\t\t\t<span class='av-structured-data'  itemprop=\"image\" itemscope=\"itemscope\" itemtype=\"https:\/\/schema.org\/ImageObject\" >\n\t\t\t\t\t\t<span itemprop='url'>http:\/\/www.nulk.cz\/tadyjsmedoma\/wp-content\/uploads\/2020\/08\/tady_jsme_doma_logo.png<\/span>\n\t\t\t\t\t\t<span itemprop='height'>0<\/span>\n\t\t\t\t\t\t<span itemprop='width'>0<\/span>\n\t\t\t\t<\/span>\n\t\t\t\t<span class='av-structured-data'  itemprop=\"publisher\" itemtype=\"https:\/\/schema.org\/Organization\" itemscope=\"itemscope\" >\n\t\t\t\t\t\t<span itemprop='name'>Vitezslav Jaros<\/span>\n\t\t\t\t\t\t<span itemprop='logo' itemscope itemtype='https:\/\/schema.org\/ImageObject'>\n\t\t\t\t\t\t\t<span itemprop='url'>http:\/\/www.nulk.cz\/tadyjsmedoma\/wp-content\/uploads\/2020\/08\/tady_jsme_doma_logo.png<\/span>\n\t\t\t\t\t\t<\/span>\n\t\t\t\t<\/span><span class='av-structured-data'  itemprop=\"author\" itemscope=\"itemscope\" itemtype=\"https:\/\/schema.org\/Person\" ><span itemprop='name'>Vitezslav Jaros<\/span><\/span><span class='av-structured-data'  itemprop=\"datePublished\" datetime=\"2016-10-09T13:02:00+02:00\" >2016-10-09 13:02:00<\/span><span class='av-structured-data'  itemprop=\"dateModified\" itemtype=\"https:\/\/schema.org\/dateModified\" >2020-10-12 09:39:39<\/span><span class='av-structured-data'  itemprop=\"mainEntityOfPage\" itemtype=\"https:\/\/schema.org\/mainEntityOfPage\" ><span itemprop='name'>Pracovn\u00ed semin\u00e1\u0159 pro u\u010ditele I (2016)<\/span><\/span><\/span><\/article><div class='bloglist-simple'><\/div><\/div><\/p><\/div>\n<style type=\"text\/css\" data-created_by=\"avia_inline_auto\" id=\"style-css-av-2cbg6f-6dac8b82648b95346eff9d6373b7cc4f\">\n.flex_column.av-2cbg6f-6dac8b82648b95346eff9d6373b7cc4f{\nborder-radius:0px 0px 0px 0px;\npadding:0px 0px 0px 0px;\n}\n<\/style>\n<div  class='flex_column av-2cbg6f-6dac8b82648b95346eff9d6373b7cc4f av_one_fifth flex_column_div av-zero-column-padding  '     ><\/div>\n","protected":false},"excerpt":{"rendered":"","protected":false},"author":3,"featured_media":0,"parent":0,"menu_order":0,"comment_status":"closed","ping_status":"closed","template":"","meta":{"footnotes":""},"class_list":["post-1927","page","type-page","status-publish","hentry"],"_links":{"self":[{"href":"https:\/\/www.nulk.cz\/tadyjsmedoma\/wp-json\/wp\/v2\/pages\/1927","targetHints":{"allow":["GET"]}}],"collection":[{"href":"https:\/\/www.nulk.cz\/tadyjsmedoma\/wp-json\/wp\/v2\/pages"}],"about":[{"href":"https:\/\/www.nulk.cz\/tadyjsmedoma\/wp-json\/wp\/v2\/types\/page"}],"author":[{"embeddable":true,"href":"https:\/\/www.nulk.cz\/tadyjsmedoma\/wp-json\/wp\/v2\/users\/3"}],"replies":[{"embeddable":true,"href":"https:\/\/www.nulk.cz\/tadyjsmedoma\/wp-json\/wp\/v2\/comments?post=1927"}],"version-history":[{"count":4,"href":"https:\/\/www.nulk.cz\/tadyjsmedoma\/wp-json\/wp\/v2\/pages\/1927\/revisions"}],"predecessor-version":[{"id":1994,"href":"https:\/\/www.nulk.cz\/tadyjsmedoma\/wp-json\/wp\/v2\/pages\/1927\/revisions\/1994"}],"wp:attachment":[{"href":"https:\/\/www.nulk.cz\/tadyjsmedoma\/wp-json\/wp\/v2\/media?parent=1927"}],"curies":[{"name":"wp","href":"https:\/\/api.w.org\/{rel}","templated":true}]}}